{"id":32,"date":"2024-04-16T14:36:07","date_gmt":"2024-04-16T14:36:07","guid":{"rendered":"https:\/\/port-supply-services.com\/?page_id=32"},"modified":"2026-04-15T04:57:42","modified_gmt":"2026-04-15T04:57:42","slug":"bienvenue","status":"publish","type":"page","link":"http:\/\/storempss.com\/fr\/","title":{"rendered":"Bienvenue"},"content":{"rendered":"\n<style type=\"text\/css\" data-created_by=\"avia_inline_auto\" id=\"style-css-av-azjs-d65738d00d06ba8e7f3d852aac9b7454\">\n.avia-section.av-azjs-d65738d00d06ba8e7f3d852aac9b7454{\nbackground-color:#000000;\nbackground-image:unset;\n}\n<\/style>\n<div id='av_section_1'  class='avia-section av-azjs-d65738d00d06ba8e7f3d852aac9b7454 main_color avia-section-default avia-no-border-styling  avia-builder-el-0  avia-builder-el-no-sibling  avia-bg-style-scroll av-minimum-height av-minimum-height-50 av-height-percent  container_wrap sidebar_right'   data-av_minimum_height_pc='50' data-av_min_height_opt='percent'><div class='container av-section-cont-open' ><main  role=\"main\" itemprop=\"mainContentOfPage\"  class='template-page content  av-content-small alpha units'><div class='post-entry post-entry-type-page post-entry-32'><div class='entry-content-wrapper clearfix'>\n<div  class='flex_column av-2u99w-908fbdef24b39831ea846872da5baf1e av_one_fifth  avia-builder-el-1  el_before_av_three_fifth  avia-builder-el-first  first flex_column_div  '     ><\/div><div  class='flex_column av-20k28-ffe4513198e59472dee9e75e74c17b32 av_three_fifth  avia-builder-el-2  el_after_av_one_fifth  el_before_av_one_fifth  flex_column_div  '     ><p>\n<style type=\"text\/css\" data-created_by=\"avia_inline_auto\" id=\"style-css-av-mmgoe859-409a8bb5bb9ca01ddfd881e0bd89d358\">\n#top .av-special-heading.av-mmgoe859-409a8bb5bb9ca01ddfd881e0bd89d358{\npadding-bottom:10px;\ncolor:#ffffff;\n}\nbody .av-special-heading.av-mmgoe859-409a8bb5bb9ca01ddfd881e0bd89d358 .av-special-heading-tag .heading-char{\nfont-size:25px;\n}\n.av-special-heading.av-mmgoe859-409a8bb5bb9ca01ddfd881e0bd89d358 .special-heading-inner-border{\nborder-color:#ffffff;\n}\n.av-special-heading.av-mmgoe859-409a8bb5bb9ca01ddfd881e0bd89d358 .av-subheading{\nfont-size:15px;\n}\n<\/style>\n<div  class='av-special-heading av-mmgoe859-409a8bb5bb9ca01ddfd881e0bd89d358 av-special-heading-h1 custom-color-heading blockquote classic-quote  avia-builder-el-3  el_before_av_textblock  avia-builder-el-first  av-linked-heading'><h1 class='av-special-heading-tag '  itemprop=\"headline\"  >Maintenance<\/h1><div class=\"special-heading-border\"><div class=\"special-heading-inner-border\"><\/div><\/div><\/div><br \/>\n\n<style type=\"text\/css\" data-created_by=\"avia_inline_auto\" id=\"style-css-av-mmgoe1t2-4f2fa8cc74fad6e098e8a3e46abd7ec2\">\n#top .av_textblock_section.av-mmgoe1t2-4f2fa8cc74fad6e098e8a3e46abd7ec2 .avia_textblock{\nfont-size:16px;\ncolor:#ffffff;\n}\n<\/style>\n<section  class='av_textblock_section av-mmgoe1t2-4f2fa8cc74fad6e098e8a3e46abd7ec2 '   itemscope=\"itemscope\" itemtype=\"https:\/\/schema.org\/CreativeWork\" ><div class='avia_textblock av_inherit_color'  itemprop=\"text\" ><p><strong>Le moment est venu ! Notre boutique en ligne fait peau neuve et a \u00e9t\u00e9 optimis\u00e9e pour r\u00e9pondre aux exigences actuelles.<\/strong><\/p>\n<p>Nous ne sommes pas en mesure d&rsquo;accepter de nouvelles commandes pour le moment. Merci de votre compr\u00e9hension.<\/p>\n<p>Notre boutique en ligne sera bient\u00f4t disponible.<\/p>\n<\/div><\/section><\/p><\/div><div  class='flex_column av-vnx0-0058685a331a14b03f62240932b4c9eb av_one_fifth  avia-builder-el-5  el_after_av_three_fifth  avia-builder-el-last  flex_column_div  '     ><\/div><\/div><\/div><\/main><!-- close content main element --><\/div><\/div><div id='after_section_1'  class='main_color av_default_container_wrap container_wrap sidebar_right'  ><div class='container av-section-cont-open' ><div class='template-page content  av-content-small alpha units'><div class='post-entry post-entry-type-page post-entry-32'><div class='entry-content-wrapper clearfix'>\n","protected":false},"excerpt":{"rendered":"","protected":false},"author":1,"featured_media":0,"parent":0,"menu_order":0,"comment_status":"closed","ping_status":"closed","template":"","meta":{"footnotes":""},"class_list":["post-32","page","type-page","status-publish","hentry"],"_links":{"self":[{"href":"http:\/\/storempss.com\/fr\/wp-json\/wp\/v2\/pages\/32","targetHints":{"allow":["GET"]}}],"collection":[{"href":"http:\/\/storempss.com\/fr\/wp-json\/wp\/v2\/pages"}],"about":[{"href":"http:\/\/storempss.com\/fr\/wp-json\/wp\/v2\/types\/page"}],"author":[{"embeddable":true,"href":"http:\/\/storempss.com\/fr\/wp-json\/wp\/v2\/users\/1"}],"replies":[{"embeddable":true,"href":"http:\/\/storempss.com\/fr\/wp-json\/wp\/v2\/comments?post=32"}],"version-history":[{"count":0,"href":"http:\/\/storempss.com\/fr\/wp-json\/wp\/v2\/pages\/32\/revisions"}],"wp:attachment":[{"href":"http:\/\/storempss.com\/fr\/wp-json\/wp\/v2\/media?parent=32"}],"curies":[{"name":"wp","href":"https:\/\/api.w.org\/{rel}","templated":true}]}}